{"id":137,"date":"2015-12-10T14:29:04","date_gmt":"2015-12-10T13:29:04","guid":{"rendered":"http:\/\/ecomusee.hebergratuit.net\/?page_id=137"},"modified":"2021-03-23T16:30:51","modified_gmt":"2021-03-23T15:30:51","slug":"la-minoterie","status":"publish","type":"page","link":"https:\/\/www.ecomusee-rural.com\/?page_id=137","title":{"rendered":"La Minoterie"},"content":{"rendered":"<div id=\"pl-137\"  class=\"panel-layout\" ><div id=\"pg-137-0\"  class=\"panel-grid panel-no-style\" ><div id=\"pgc-137-0-0\"  class=\"panel-grid-cell\" ><div id=\"panel-137-0-0-0\" class=\"so-panel widget widget_sow-image panel-first-child panel-last-child\" data-index=\"0\" ><div\n\t\t\t\n\t\t\tclass=\"so-widget-sow-image so-widget-sow-image-default-d6014b76747a-137\"\n\t\t\t\n\t\t>\n\n<div class=\"sow-image-container\">\n\t\t<img src=\"https:\/\/www.ecomusee-rural.com\/wp-content\/uploads\/2021\/03\/Minoterie_007-258x300.jpg\" width=\"258\" height=\"300\" srcset=\"https:\/\/www.ecomusee-rural.com\/wp-content\/uploads\/2021\/03\/Minoterie_007-258x300.jpg 258w, https:\/\/www.ecomusee-rural.com\/wp-content\/uploads\/2021\/03\/Minoterie_007-880x1024.jpg 880w, https:\/\/www.ecomusee-rural.com\/wp-content\/uploads\/2021\/03\/Minoterie_007-768x894.jpg 768w, https:\/\/www.ecomusee-rural.com\/wp-content\/uploads\/2021\/03\/Minoterie_007-1320x1536.jpg 1320w, https:\/\/www.ecomusee-rural.com\/wp-content\/uploads\/2021\/03\/Minoterie_007.jpg 1375w\" sizes=\"(max-width: 258px) 100vw, 258px\" alt=\"\" loading=\"lazy\" \t\tclass=\"so-widget-image\"\/>\n\t<\/div>\n\n<\/div><\/div><\/div><div id=\"pgc-137-0-1\"  class=\"panel-grid-cell\" ><div id=\"panel-137-0-1-0\" class=\"so-panel widget widget_sow-editor panel-first-child panel-last-child\" data-index=\"1\" ><div\n\t\t\t\n\t\t\tclass=\"so-widget-sow-editor so-widget-sow-editor-base\"\n\t\t\t\n\t\t>\n<div class=\"siteorigin-widget-tinymce textwidget\">\n\t<p>Pendant 71 ans, la minoterie du Moulin Neuf a fourni la farine aux paysans des environs.<\/p>\n<p>L\u2019aventure commence en 1702 avec la construction d\u2019un moulin \u00e0 vent dont les ailes tournent jusqu\u2019en 1924. Mais il faut attendre que le vent veuille bien souffler, c\u2019est une perte de temps. Fran\u00e7ois Brodu, grand-p\u00e8re de Jean et de Michel trouve une solution.<\/p>\n<\/div>\n<\/div><\/div><\/div><\/div><div id=\"pg-137-1\"  class=\"panel-grid panel-no-style\" ><div id=\"pgc-137-1-0\"  class=\"panel-grid-cell\" ><div id=\"panel-137-1-0-0\" class=\"so-panel widget widget_sow-editor panel-first-child\" data-index=\"2\" ><div\n\t\t\t\n\t\t\tclass=\"so-widget-sow-editor so-widget-sow-editor-base\"\n\t\t\t\n\t\t>\n<div class=\"siteorigin-widget-tinymce textwidget\">\n\t<p>En 1921, Jean-Baptiste Brodu, p\u00e8re de Jean et de Michel, d\u00e9cide de faire construire la minoterie qui sera mise en service 3 ans plus tard.<\/p>\n<p>\u00a0Jean commence \u00e0 travailler en 1939 ou en 1940 et Michel en 1950. Les deux fr\u00e8res succ\u00e8dent \u00e0 leur p\u00e8re en 1959. Et pendant pr\u00e8s de 40 ans, ils vont passer de ferme en ferme, charger la charrette ou le camion avec des sacs de 80 ou 100 kg et transporter les c\u00e9r\u00e9ales ou la farine!<\/p>\n<p>Quand les \u00e9v\u00e9nements viennent perturber le quotidien, il faut s\u2019adapter. Pendant la guerre, \u00ab\u00a0<em>on se rend service<\/em>\u00a0\u00bb\u00a0; l\u2019\u00e9change \u00ab\u00a0bl\u00e9 contre pain\u00a0\u00bb se fait discr\u00e8tement.<\/p>\n<p>En 1959, l\u2019achat d\u2019un camion permet \u00e0 la jument de prendre un repos bien m\u00e9rit\u00e9.<\/p>\n<p>Jean prend sa retraite en 1985 et Michel en 1995. C\u2019est \u00ab\u00a0<em>l\u2019arr\u00eat total et d\u00e9finitif de la minoterie\u00a0<\/em>\u00bb.<\/p>\n<p>Erreur\u00a0! L\u2019histoire n\u2019est pas termin\u00e9e. La minoterie ne tombe pas dans l\u2019oubli\u00a0! Aujourd\u2019hui, elle fait partie du patrimoine communal.<\/p>\n<p>On parle d\u2019elle\u00a0!<\/p>\n<p>On lui rend visite\u00a0!<\/p>\n<p>La vie continue\u2026<\/p>\n<p><strong>Possibilit\u00e9 de d\u00e9gustation de cr\u00eaperie sur r\u00e9servation<\/strong><\/p>\n<\/div>\n<\/div><\/div><div id=\"panel-137-1-0-1\" class=\"so-panel widget widget_sow-editor panel-last-child\" data-index=\"3\" ><div\n\t\t\t\n\t\t\tclass=\"so-widget-sow-editor so-widget-sow-editor-base\"\n\t\t\t\n\t\t>\n<div class=\"siteorigin-widget-tinymce textwidget\">\n\t<div class=\"su-custom-gallery su-custom-gallery-title-never su-lightbox-gallery\"><div class=\"su-custom-gallery-slide\"><a href=\"https:\/\/www.ecomusee-rural.com\/wp-content\/uploads\/2015\/12\/Minoterie_006.jpg\" title=\"Minoterie_006\"><img src=\"https:\/\/www.ecomusee-rural.com\/wp-content\/uploads\/2015\/12\/Minoterie_006-90x90.jpg\" alt=\"Minoterie_006\" width=\"90\" height=\"90\" \/><span class=\"su-custom-gallery-title\">Minoterie_006<\/span><\/a><\/div><div class=\"su-custom-gallery-slide\"><a href=\"https:\/\/www.ecomusee-rural.com\/wp-content\/uploads\/2015\/12\/Minoterie_005.jpg\" title=\"Minoterie_005\"><img src=\"https:\/\/www.ecomusee-rural.com\/wp-content\/uploads\/2015\/12\/Minoterie_005-90x90.jpg\" alt=\"Minoterie_005\" width=\"90\" height=\"90\" \/><span class=\"su-custom-gallery-title\">Minoterie_005<\/span><\/a><\/div><div class=\"su-custom-gallery-slide\"><a href=\"https:\/\/www.ecomusee-rural.com\/wp-content\/uploads\/2015\/12\/Minoterie_004.jpg\" title=\"Minoterie_004\"><img src=\"https:\/\/www.ecomusee-rural.com\/wp-content\/uploads\/2015\/12\/Minoterie_004-90x90.jpg\" alt=\"Minoterie_004\" width=\"90\" height=\"90\" \/><span class=\"su-custom-gallery-title\">Minoterie_004<\/span><\/a><\/div><div class=\"su-custom-gallery-slide\"><a href=\"https:\/\/www.ecomusee-rural.com\/wp-content\/uploads\/2015\/12\/Minoterie_003.jpg\" title=\"Minoterie_003\"><img src=\"https:\/\/www.ecomusee-rural.com\/wp-content\/uploads\/2015\/12\/Minoterie_003-90x90.jpg\" alt=\"Minoterie_003\" width=\"90\" height=\"90\" \/><span class=\"su-custom-gallery-title\">Minoterie_003<\/span><\/a><\/div><div class=\"su-custom-gallery-slide\"><a href=\"https:\/\/www.ecomusee-rural.com\/wp-content\/uploads\/2015\/12\/Minoterie_002.jpg\" title=\"Minoterie_002\"><img src=\"https:\/\/www.ecomusee-rural.com\/wp-content\/uploads\/2015\/12\/Minoterie_002-90x90.jpg\" alt=\"Minoterie_002\" width=\"90\" height=\"90\" \/><span class=\"su-custom-gallery-title\">Minoterie_002<\/span><\/a><\/div><div class=\"su-custom-gallery-slide\"><a href=\"https:\/\/www.ecomusee-rural.com\/wp-content\/uploads\/2021\/03\/Minoterie_007.jpg\" title=\"Minoterie_007\"><img src=\"https:\/\/www.ecomusee-rural.com\/wp-content\/uploads\/2021\/03\/Minoterie_007-90x90.jpg\" alt=\"Minoterie_007\" width=\"90\" height=\"90\" \/><span class=\"su-custom-gallery-title\">Minoterie_007<\/span><\/a><\/div><div class=\"su-clear\"><\/div><\/div>\n<\/div>\n<\/div><\/div><\/div><\/div><\/div>","protected":false},"excerpt":{"rendered":"<p>Pendant 71 ans, la minoterie du Moulin Neuf a fourni la farine aux paysans des environs.<\/p>\n","protected":false},"author":1,"featured_media":150,"parent":135,"menu_order":2,"comment_status":"closed","ping_status":"closed","template":"","meta":[],"acf":[],"_links":{"self":[{"href":"https:\/\/www.ecomusee-rural.com\/index.php?rest_route=\/wp\/v2\/pages\/137"}],"collection":[{"href":"https:\/\/www.ecomusee-rural.com\/index.php?rest_route=\/wp\/v2\/pages"}],"about":[{"href":"https:\/\/www.ecomusee-rural.com\/index.php?rest_route=\/wp\/v2\/types\/page"}],"author":[{"embeddable":true,"href":"https:\/\/www.ecomusee-rural.com\/index.php?rest_route=\/wp\/v2\/users\/1"}],"replies":[{"embeddable":true,"href":"https:\/\/www.ecomusee-rural.com\/index.php?rest_route=%2Fwp%2Fv2%2Fcomments&post=137"}],"version-history":[{"count":4,"href":"https:\/\/www.ecomusee-rural.com\/index.php?rest_route=\/wp\/v2\/pages\/137\/revisions"}],"predecessor-version":[{"id":2717,"href":"https:\/\/www.ecomusee-rural.com\/index.php?rest_route=\/wp\/v2\/pages\/137\/revisions\/2717"}],"up":[{"embeddable":true,"href":"https:\/\/www.ecomusee-rural.com\/index.php?rest_route=\/wp\/v2\/pages\/135"}],"wp:featuredmedia":[{"embeddable":true,"href":"https:\/\/www.ecomusee-rural.com\/index.php?rest_route=\/wp\/v2\/media\/150"}],"wp:attachment":[{"href":"https:\/\/www.ecomusee-rural.com\/index.php?rest_route=%2Fwp%2Fv2%2Fmedia&parent=137"}],"curies":[{"name":"wp","href":"https:\/\/api.w.org\/{rel}","templated":true}]}}