{"id":178,"date":"2015-12-10T16:02:09","date_gmt":"2015-12-10T15:02:09","guid":{"rendered":"http:\/\/ecomusee.hebergratuit.net\/?page_id=178"},"modified":"2016-11-11T22:09:36","modified_gmt":"2016-11-11T21:09:36","slug":"groupe-scolaire","status":"publish","type":"page","link":"https:\/\/www.ecomusee-rural.com\/?page_id=178","title":{"rendered":"Groupe Scolaire"},"content":{"rendered":"<div id=\"pl-178\"  class=\"panel-layout\" ><div id=\"pg-178-0\"  class=\"panel-grid panel-no-style\" ><div id=\"pgc-178-0-0\"  class=\"panel-grid-cell\" ><div id=\"panel-178-0-0-0\" class=\"so-panel widget widget_sow-image panel-first-child panel-last-child\" data-index=\"0\" ><div\n\t\t\t\n\t\t\tclass=\"so-widget-sow-image so-widget-sow-image-default-d6014b76747a-178\"\n\t\t\t\n\t\t>\n\n<div class=\"sow-image-container\">\n\t\t<img src=\"https:\/\/www.ecomusee-rural.com\/wp-content\/uploads\/2015\/12\/GroupeScolaire_006-300x225.jpg\" width=\"300\" height=\"225\" srcset=\"https:\/\/www.ecomusee-rural.com\/wp-content\/uploads\/2015\/12\/GroupeScolaire_006-300x225.jpg 300w, https:\/\/www.ecomusee-rural.com\/wp-content\/uploads\/2015\/12\/GroupeScolaire_006-768x576.jpg 768w, https:\/\/www.ecomusee-rural.com\/wp-content\/uploads\/2015\/12\/GroupeScolaire_006-1024x768.jpg 1024w, https:\/\/www.ecomusee-rural.com\/wp-content\/uploads\/2015\/12\/GroupeScolaire_006.jpg 1600w\" sizes=\"(max-width: 300px) 100vw, 300px\" title=\"Groupe Scolaire\" alt=\"\" loading=\"lazy\" \t\tclass=\"so-widget-image\"\/>\n\t<\/div>\n\n<\/div><\/div><\/div><div id=\"pgc-178-0-1\"  class=\"panel-grid-cell\" ><div id=\"panel-178-0-1-0\" class=\"so-panel widget widget_sow-editor panel-first-child panel-last-child\" data-index=\"1\" ><div\n\t\t\t\n\t\t\tclass=\"so-widget-sow-editor so-widget-sow-editor-base\"\n\t\t\t\n\t\t>\n<div class=\"siteorigin-widget-tinymce textwidget\">\n\t<p>Nous vous proposons ainsi de d\u00e9couvrir les deux sites de l\u2019Ecomus\u00e9e Rural de Vigneux-de-Bretagne (ancienne ferme + moulin) et d\u2019\u00e9tudier les diff\u00e9rents ateliers \u00e9ducatifs que l\u2019on propose aux \u00e9coles maternelles et primaires.<\/p>\n<\/div>\n<\/div><\/div><\/div><\/div><div id=\"pg-178-1\"  class=\"panel-grid panel-no-style\" ><div id=\"pgc-178-1-0\"  class=\"panel-grid-cell\" ><div id=\"panel-178-1-0-0\" class=\"so-panel widget widget_sow-editor panel-first-child\" data-index=\"2\" ><div\n\t\t\t\n\t\t\tclass=\"so-widget-sow-editor so-widget-sow-editor-base\"\n\t\t\t\n\t\t>\n<div class=\"siteorigin-widget-tinymce textwidget\">\n\t<p>Chaque atelier s\u2019accompagne d\u2019une visite comment\u00e9e de l\u2019ancienne ferme et\/ou du Moulin-Neuf. \u00a0Les ateliers sont adaptables aux diff\u00e9rents cycles, niveaux scolaires et sont exploitables de mani\u00e8re transversale selon le projet p\u00e9dagogique de l\u2019enseignement. Ils s\u2019effectuent, pour la plupart, hors du parcours de visite classique pour des raisons de confort.<\/p>\n<p>Les enfants seront pris en charge par l\u2019\u00e9quipe de b\u00e9n\u00e9voles, sous la responsabilit\u00e9 de l\u2019enseignant, durant une matin\u00e9e ou un apr\u00e8s-midi voire la journ\u00e9e compl\u00e8te avec la possibilit\u00e9 de pique-niquer sur les sites.<\/p>\n<\/div>\n<\/div><\/div><div id=\"panel-178-1-0-1\" class=\"so-panel widget widget_sow-editor\" data-index=\"3\" ><div\n\t\t\t\n\t\t\tclass=\"so-widget-sow-editor so-widget-sow-editor-base\"\n\t\t\t\n\t\t>\n<div class=\"siteorigin-widget-tinymce textwidget\">\n\t<p>Pour faciliter l\u2019organisation de la visite, les classes peuvent \u00eatre divis\u00e9es en effectif restreint.<\/p>\n<p>L\u2019\u00e9comus\u00e9e propose diff\u00e9rentes formules de visites incluant les ateliers.<\/p>\n<p>N\u2019h\u00e9sitez pas \u00e0 nous contacter pour vous aider \u00e0 construire votre projet le plus adapt\u00e9 \u00e0 vos besoins.<\/p>\n<p><a href=\"http:\/\/www.ecomusee-rural.com\/wp-content\/uploads\/Docs\/DossierPedagogique.pdf\">T\u00e9l\u00e9charger le dossier p\u00e9dagogique<\/a><\/p>\n<\/div>\n<\/div><\/div><div id=\"panel-178-1-0-2\" class=\"so-panel widget widget_sow-editor panel-last-child\" data-index=\"4\" ><div\n\t\t\t\n\t\t\tclass=\"so-widget-sow-editor so-widget-sow-editor-base\"\n\t\t\t\n\t\t>\n<div class=\"siteorigin-widget-tinymce textwidget\">\n\t<div class=\"su-custom-gallery su-custom-gallery-title-never su-lightbox-gallery\"><div class=\"su-custom-gallery-slide\"><a href=\"https:\/\/www.ecomusee-rural.com\/wp-content\/uploads\/2015\/12\/GroupeScolaire_001.jpg\" title=\"GroupeScolaire_001\"><img src=\"https:\/\/www.ecomusee-rural.com\/wp-content\/uploads\/2015\/12\/GroupeScolaire_001-90x90.jpg\" alt=\"GroupeScolaire_001\" width=\"90\" height=\"90\" \/><span class=\"su-custom-gallery-title\">GroupeScolaire_001<\/span><\/a><\/div><div class=\"su-custom-gallery-slide\"><a href=\"https:\/\/www.ecomusee-rural.com\/wp-content\/uploads\/2015\/12\/GroupeScolaire_009.jpg\" title=\"GroupeScolaire_009\"><img src=\"https:\/\/www.ecomusee-rural.com\/wp-content\/uploads\/2015\/12\/GroupeScolaire_009-90x90.jpg\" alt=\"GroupeScolaire_009\" width=\"90\" height=\"90\" \/><span class=\"su-custom-gallery-title\">GroupeScolaire_009<\/span><\/a><\/div><div class=\"su-custom-gallery-slide\"><a href=\"https:\/\/www.ecomusee-rural.com\/wp-content\/uploads\/2015\/12\/GroupeScolaire_008.jpg\" title=\"GroupeScolaire_008\"><img src=\"https:\/\/www.ecomusee-rural.com\/wp-content\/uploads\/2015\/12\/GroupeScolaire_008-90x90.jpg\" alt=\"GroupeScolaire_008\" width=\"90\" height=\"90\" \/><span class=\"su-custom-gallery-title\">GroupeScolaire_008<\/span><\/a><\/div><div class=\"su-custom-gallery-slide\"><a href=\"https:\/\/www.ecomusee-rural.com\/wp-content\/uploads\/2015\/12\/GroupeScolaire_007.jpg\" title=\"GroupeScolaire_007\"><img src=\"https:\/\/www.ecomusee-rural.com\/wp-content\/uploads\/2015\/12\/GroupeScolaire_007-90x90.jpg\" alt=\"GroupeScolaire_007\" width=\"90\" height=\"90\" \/><span class=\"su-custom-gallery-title\">GroupeScolaire_007<\/span><\/a><\/div><div class=\"su-custom-gallery-slide\"><a href=\"https:\/\/www.ecomusee-rural.com\/wp-content\/uploads\/2015\/12\/GroupeScolaire_006.jpg\" title=\"GroupeScolaire_006\"><img src=\"https:\/\/www.ecomusee-rural.com\/wp-content\/uploads\/2015\/12\/GroupeScolaire_006-90x90.jpg\" alt=\"GroupeScolaire_006\" width=\"90\" height=\"90\" \/><span class=\"su-custom-gallery-title\">GroupeScolaire_006<\/span><\/a><\/div><div class=\"su-custom-gallery-slide\"><a href=\"https:\/\/www.ecomusee-rural.com\/wp-content\/uploads\/2015\/12\/GroupeScolaire_005.jpg\" title=\"GroupeScolaire_005\"><img src=\"https:\/\/www.ecomusee-rural.com\/wp-content\/uploads\/2015\/12\/GroupeScolaire_005-90x90.jpg\" alt=\"GroupeScolaire_005\" width=\"90\" height=\"90\" \/><span class=\"su-custom-gallery-title\">GroupeScolaire_005<\/span><\/a><\/div><div class=\"su-custom-gallery-slide\"><a href=\"https:\/\/www.ecomusee-rural.com\/wp-content\/uploads\/2015\/12\/GroupeScolaire_004.jpg\" title=\"GroupeScolaire_004\"><img src=\"https:\/\/www.ecomusee-rural.com\/wp-content\/uploads\/2015\/12\/GroupeScolaire_004-90x90.jpg\" alt=\"GroupeScolaire_004\" width=\"90\" height=\"90\" \/><span class=\"su-custom-gallery-title\">GroupeScolaire_004<\/span><\/a><\/div><div class=\"su-custom-gallery-slide\"><a href=\"https:\/\/www.ecomusee-rural.com\/wp-content\/uploads\/2015\/12\/GroupeScolaire_003.jpg\" title=\"GroupeScolaire_003\"><img src=\"https:\/\/www.ecomusee-rural.com\/wp-content\/uploads\/2015\/12\/GroupeScolaire_003-90x90.jpg\" alt=\"GroupeScolaire_003\" width=\"90\" height=\"90\" \/><span class=\"su-custom-gallery-title\">GroupeScolaire_003<\/span><\/a><\/div><div class=\"su-custom-gallery-slide\"><a href=\"https:\/\/www.ecomusee-rural.com\/wp-content\/uploads\/2015\/12\/GroupeScolaire_002.jpg\" title=\"GroupeScolaire_002\"><img src=\"https:\/\/www.ecomusee-rural.com\/wp-content\/uploads\/2015\/12\/GroupeScolaire_002-90x90.jpg\" alt=\"GroupeScolaire_002\" width=\"90\" height=\"90\" \/><span class=\"su-custom-gallery-title\">GroupeScolaire_002<\/span><\/a><\/div><div class=\"su-clear\"><\/div><\/div>\n<\/div>\n<\/div><\/div><\/div><\/div><\/div>","protected":false},"excerpt":{"rendered":"<p>Nous vous proposons ainsi de d\u00e9couvrir les deux sites de l\u2019Ecomus\u00e9e Rural de Vigneux-de-Bretagne (ancienne ferme + moulin) et d\u2019\u00e9tudier les diff\u00e9rents ateliers \u00e9ducatifs que l\u2019on propose aux \u00e9coles maternelles et primaires. Chaque atelier s\u2019accompagne d\u2019une visite comment\u00e9e de l\u2019ancienne<\/p>\n","protected":false},"author":1,"featured_media":0,"parent":166,"menu_order":0,"comment_status":"closed","ping_status":"closed","template":"","meta":[],"acf":[],"_links":{"self":[{"href":"https:\/\/www.ecomusee-rural.com\/index.php?rest_route=\/wp\/v2\/pages\/178"}],"collection":[{"href":"https:\/\/www.ecomusee-rural.com\/index.php?rest_route=\/wp\/v2\/pages"}],"about":[{"href":"https:\/\/www.ecomusee-rural.com\/index.php?rest_route=\/wp\/v2\/types\/page"}],"author":[{"embeddable":true,"href":"https:\/\/www.ecomusee-rural.com\/index.php?rest_route=\/wp\/v2\/users\/1"}],"replies":[{"embeddable":true,"href":"https:\/\/www.ecomusee-rural.com\/index.php?rest_route=%2Fwp%2Fv2%2Fcomments&post=178"}],"version-history":[{"count":7,"href":"https:\/\/www.ecomusee-rural.com\/index.php?rest_route=\/wp\/v2\/pages\/178\/revisions"}],"predecessor-version":[{"id":375,"href":"https:\/\/www.ecomusee-rural.com\/index.php?rest_route=\/wp\/v2\/pages\/178\/revisions\/375"}],"up":[{"embeddable":true,"href":"https:\/\/www.ecomusee-rural.com\/index.php?rest_route=\/wp\/v2\/pages\/166"}],"wp:attachment":[{"href":"https:\/\/www.ecomusee-rural.com\/index.php?rest_route=%2Fwp%2Fv2%2Fmedia&parent=178"}],"curies":[{"name":"wp","href":"https:\/\/api.w.org\/{rel}","templated":true}]}}