{"id":208,"date":"2015-12-10T16:32:06","date_gmt":"2015-12-10T15:32:06","guid":{"rendered":"http:\/\/ecomusee.hebergratuit.net\/?page_id=208"},"modified":"2024-02-02T16:19:02","modified_gmt":"2024-02-02T15:19:02","slug":"horaires-tarifs","status":"publish","type":"page","link":"https:\/\/www.ecomusee-rural.com\/?page_id=208","title":{"rendered":"Horaires &#038; Tarifs"},"content":{"rendered":"<div id=\"pl-208\"  class=\"panel-layout\" ><div id=\"pg-208-0\"  class=\"panel-grid panel-no-style\" ><div id=\"pgc-208-0-0\"  class=\"panel-grid-cell\" ><div id=\"panel-208-0-0-0\" class=\"so-panel widget widget_sow-editor panel-first-child panel-last-child\" data-index=\"0\" ><div\n\t\t\t\n\t\t\tclass=\"so-widget-sow-editor so-widget-sow-editor-base\"\n\t\t\t\n\t\t>\n<div class=\"siteorigin-widget-tinymce textwidget\">\n\t<ul style=\"list-style-type: disc;\">\n<li><strong>Site de La Paquelais<\/strong>\n<ul>\n<li>Pour les visites individuelles de mi-Mai \u00e0 Septembre\n<ul>\n<li>Mardi, Mercredi et Jeudi de 14h \u00e0 18h<\/li>\n<\/ul>\n<\/li>\n<li>Pour les visites individuelles en vacances scolaires\n<ul>\n<li>Du lundi au jeudi de 14h \u00e0 18h<\/li>\n<\/ul>\n<\/li>\n<li>Pour les groupes, nous consulter<\/li>\n<li>Tarifs\n<ul>\n<li>Adulte : 6\u20ac<\/li>\n<li>Enfant - 15 ans : 5\u20ac<\/li>\n<li>Enfant - 5 ans : gratuit<\/li>\n<\/ul>\n<\/li>\n<\/ul>\n<\/li>\n<\/ul>\n<\/div>\n<\/div><\/div><\/div><div id=\"pgc-208-0-1\"  class=\"panel-grid-cell\" ><div id=\"panel-208-0-1-0\" class=\"so-panel widget widget_sow-editor panel-first-child panel-last-child\" data-index=\"1\" ><div\n\t\t\t\n\t\t\tclass=\"so-widget-sow-editor so-widget-sow-editor-base\"\n\t\t\t\n\t\t>\n<div class=\"siteorigin-widget-tinymce textwidget\">\n\t<ul>\n<li><strong>Site du Moulin Neuf<\/strong>\n<ul>\n<li>Mardi et Vendredi de 14h \u00e0 18h<\/li>\n<li>Tarifs\n<ul>\n<li>Adulte : 6\u20ac<\/li>\n<li>Enfant - 15 ans : 5\u20ac<\/li>\n<li>Enfant - 5 ans : gratuit<\/li>\n<\/ul>\n<\/li>\n<\/ul>\n<\/li>\n<\/ul>\n<\/div>\n<\/div><\/div><\/div><\/div><div id=\"pg-208-1\"  class=\"panel-grid panel-no-style\" ><div id=\"pgc-208-1-0\"  class=\"panel-grid-cell\" ><div id=\"panel-208-1-0-0\" class=\"so-panel widget widget_sow-editor panel-first-child panel-last-child\" data-index=\"2\" ><div\n\t\t\t\n\t\t\tclass=\"so-widget-sow-editor so-widget-sow-editor-base\"\n\t\t\t\n\t\t>\n<div class=\"siteorigin-widget-tinymce textwidget\">\n\t<ul style=\"list-style-type: disc;\">\n<li>Tickets Passeport pour la visite des 2 sites :\n<ul style=\"list-style-type: circle;\">\n<li>Adulte : 10\u20ac<\/li>\n<li>Enfant - 15 ans : 8\u20ac<\/li>\n<li>Enfant - 5 ans : gratuit<\/li>\n<\/ul>\n<\/li>\n<\/ul>\n<\/div>\n<\/div><\/div><\/div><\/div><\/div>","protected":false},"excerpt":{"rendered":"<p>Site de La Paquelais Pour les visites individuelles de mi-Mai \u00e0 Septembre Mardi, Mercredi et Jeudi de 14h \u00e0 18h Pour les visites individuelles en vacances scolaires Du lundi au jeudi de 14h \u00e0 18h Pour les groupes, nous consulter<\/p>\n","protected":false},"author":1,"featured_media":0,"parent":193,"menu_order":2,"comment_status":"closed","ping_status":"closed","template":"","meta":[],"acf":[],"_links":{"self":[{"href":"https:\/\/www.ecomusee-rural.com\/index.php?rest_route=\/wp\/v2\/pages\/208"}],"collection":[{"href":"https:\/\/www.ecomusee-rural.com\/index.php?rest_route=\/wp\/v2\/pages"}],"about":[{"href":"https:\/\/www.ecomusee-rural.com\/index.php?rest_route=\/wp\/v2\/types\/page"}],"author":[{"embeddable":true,"href":"https:\/\/www.ecomusee-rural.com\/index.php?rest_route=\/wp\/v2\/users\/1"}],"replies":[{"embeddable":true,"href":"https:\/\/www.ecomusee-rural.com\/index.php?rest_route=%2Fwp%2Fv2%2Fcomments&post=208"}],"version-history":[{"count":7,"href":"https:\/\/www.ecomusee-rural.com\/index.php?rest_route=\/wp\/v2\/pages\/208\/revisions"}],"predecessor-version":[{"id":3567,"href":"https:\/\/www.ecomusee-rural.com\/index.php?rest_route=\/wp\/v2\/pages\/208\/revisions\/3567"}],"up":[{"embeddable":true,"href":"https:\/\/www.ecomusee-rural.com\/index.php?rest_route=\/wp\/v2\/pages\/193"}],"wp:attachment":[{"href":"https:\/\/www.ecomusee-rural.com\/index.php?rest_route=%2Fwp%2Fv2%2Fmedia&parent=208"}],"curies":[{"name":"wp","href":"https:\/\/api.w.org\/{rel}","templated":true}]}}