{"id":3020,"date":"2022-03-14T11:36:26","date_gmt":"2022-03-14T10:36:26","guid":{"rendered":"https:\/\/www.ecomusee-rural.com\/?page_id=3020"},"modified":"2022-03-14T14:03:22","modified_gmt":"2022-03-14T13:03:22","slug":"sentier-dinterpretation","status":"publish","type":"page","link":"https:\/\/www.ecomusee-rural.com\/?page_id=3020","title":{"rendered":"Sentier d&rsquo;interpr\u00e9tation"},"content":{"rendered":"<div id=\"pl-3020\"  class=\"panel-layout\" ><div id=\"pg-3020-0\"  class=\"panel-grid panel-no-style\" ><div id=\"pgc-3020-0-0\"  class=\"panel-grid-cell\" ><div id=\"panel-3020-0-0-0\" class=\"so-panel widget widget_sow-editor panel-first-child panel-last-child\" data-index=\"0\" ><div\n\t\t\t\n\t\t\tclass=\"so-widget-sow-editor so-widget-sow-editor-base\"\n\t\t\t\n\t\t>\n<div class=\"siteorigin-widget-tinymce textwidget\">\n\t<p>L'Ecomus\u00e9e a mis en place depuis le d\u00e9but de l'ann\u00e9e 2022, un sentier d'interpr\u00e9tation du bocage en parall\u00e8le des visites et des ateliers.<\/p>\n<p>Il s'agit d'un sentier de 400m permettant de restituer la vie rurale dans son environnement mais aussi de mieux conna\u00eetre les caract\u00e9ristiques de ce paysage et la diversit\u00e9 de sa v\u00e9g\u00e9tation.<br \/>\nA travers des panneaux balises et un livret explicatif, les visiteurs d\u00e9couvrent toutes ces esp\u00e8ces v\u00e9g\u00e9tales, florales qui se trouvent sur ce territoire.<\/p>\n<p>Il appara\u00eet essentiel de permettre aux visiteurs, aux \u00e9l\u00e8ves qui fr\u00e9quentent le site de situer ce patrimoine rural dans son environnement ; ceci est possible de mani\u00e8re limit\u00e9e aujourd\u2019hui sous forme de panneaux ou par une observation des haies situ\u00e9es sur le site.<\/p>\n<p>Renseignez-vous \u00e0 l'accueil pour obtenir le livret explicatif du sentier.<\/p>\n<p><strong>Belle balade \u00e0 vous<\/strong><\/p>\n<p><a href=\"https:\/\/www.ecomusee-rural.com\/wp-content\/uploads\/2022\/03\/sentier-decouverte.pdf\" target=\"_blank\" rel=\"noopener\">D\u00e9couvrir le bocage<\/a><\/p>\n<p><a href=\"https:\/\/www.ecomusee-rural.com\/wp-content\/uploads\/2022\/03\/sentier-doc.pdf\" target=\"_blank\" rel=\"noopener\">Plan du sentier<\/a><\/p>\n<p><a href=\"https:\/\/www.ecomusee-rural.com\/wp-content\/uploads\/2022\/03\/sentier-fiche_exemple.pdf\">Fiche Exemple<\/a><\/p>\n<\/div>\n<\/div><\/div><\/div><\/div><div id=\"pg-3020-1\"  class=\"panel-grid panel-no-style\" ><div id=\"pgc-3020-1-0\"  class=\"panel-grid-cell\" ><div id=\"panel-3020-1-0-0\" class=\"so-panel widget widget_sow-editor panel-first-child panel-last-child\" data-index=\"1\" ><div\n\t\t\t\n\t\t\tclass=\"so-widget-sow-editor so-widget-sow-editor-base\"\n\t\t\t\n\t\t>\n<div class=\"siteorigin-widget-tinymce textwidget\">\n\t<div class=\"su-custom-gallery su-custom-gallery-title-never su-lightbox-gallery\"><div class=\"su-custom-gallery-slide\"><a href=\"https:\/\/www.ecomusee-rural.com\/wp-content\/uploads\/2022\/03\/sentier-1.jpg\" title=\"sentier-1\"><img src=\"https:\/\/www.ecomusee-rural.com\/wp-content\/uploads\/2022\/03\/sentier-1-90x90.jpg\" alt=\"sentier-1\" width=\"90\" height=\"90\" \/><span class=\"su-custom-gallery-title\">sentier-1<\/span><\/a><\/div><div class=\"su-custom-gallery-slide\"><a href=\"https:\/\/www.ecomusee-rural.com\/wp-content\/uploads\/2022\/03\/sentier-2-scaled.jpg\" title=\"sentier-2\"><img src=\"https:\/\/www.ecomusee-rural.com\/wp-content\/uploads\/2022\/03\/sentier-2-scaled.jpg\" alt=\"sentier-2\" width=\"90\" height=\"90\" \/><span class=\"su-custom-gallery-title\">sentier-2<\/span><\/a><\/div><div class=\"su-custom-gallery-slide\"><a href=\"https:\/\/www.ecomusee-rural.com\/wp-content\/uploads\/2022\/03\/sentier-3.jpg\" title=\"sentier-3\"><img src=\"https:\/\/www.ecomusee-rural.com\/wp-content\/uploads\/2022\/03\/sentier-3-90x90.jpg\" alt=\"sentier-3\" width=\"90\" height=\"90\" \/><span class=\"su-custom-gallery-title\">sentier-3<\/span><\/a><\/div><div class=\"su-clear\"><\/div><\/div>\n<\/div>\n<\/div><\/div><\/div><\/div><\/div>","protected":false},"excerpt":{"rendered":"<p>L&rsquo;Ecomus\u00e9e a mis en place depuis le d\u00e9but de l&rsquo;ann\u00e9e 2022, un sentier d&rsquo;interpr\u00e9tation du bocage en parall\u00e8le des visites et des ateliers. Il s&rsquo;agit d&rsquo;un sentier de 400m permettant de restituer la vie rurale dans son environnement mais aussi<\/p>\n","protected":false},"author":1,"featured_media":0,"parent":135,"menu_order":0,"comment_status":"closed","ping_status":"closed","template":"","meta":[],"acf":[],"_links":{"self":[{"href":"https:\/\/www.ecomusee-rural.com\/index.php?rest_route=\/wp\/v2\/pages\/3020"}],"collection":[{"href":"https:\/\/www.ecomusee-rural.com\/index.php?rest_route=\/wp\/v2\/pages"}],"about":[{"href":"https:\/\/www.ecomusee-rural.com\/index.php?rest_route=\/wp\/v2\/types\/page"}],"author":[{"embeddable":true,"href":"https:\/\/www.ecomusee-rural.com\/index.php?rest_route=\/wp\/v2\/users\/1"}],"replies":[{"embeddable":true,"href":"https:\/\/www.ecomusee-rural.com\/index.php?rest_route=%2Fwp%2Fv2%2Fcomments&post=3020"}],"version-history":[{"count":9,"href":"https:\/\/www.ecomusee-rural.com\/index.php?rest_route=\/wp\/v2\/pages\/3020\/revisions"}],"predecessor-version":[{"id":3036,"href":"https:\/\/www.ecomusee-rural.com\/index.php?rest_route=\/wp\/v2\/pages\/3020\/revisions\/3036"}],"up":[{"embeddable":true,"href":"https:\/\/www.ecomusee-rural.com\/index.php?rest_route=\/wp\/v2\/pages\/135"}],"wp:attachment":[{"href":"https:\/\/www.ecomusee-rural.com\/index.php?rest_route=%2Fwp%2Fv2%2Fmedia&parent=3020"}],"curies":[{"name":"wp","href":"https:\/\/api.w.org\/{rel}","templated":true}]}}