{"id":53,"date":"2015-12-08T21:31:45","date_gmt":"2015-12-08T20:31:45","guid":{"rendered":"http:\/\/ecomusee.hebergratuit.net\/?page_id=53"},"modified":"2015-12-10T15:05:42","modified_gmt":"2015-12-10T14:05:42","slug":"le-moulin","status":"publish","type":"page","link":"https:\/\/www.ecomusee-rural.com\/?page_id=53","title":{"rendered":"Le Moulin Neuf"},"content":{"rendered":"<div id=\"pl-53\"  class=\"panel-layout\" ><div id=\"pg-53-0\"  class=\"panel-grid panel-no-style\" ><div id=\"pgc-53-0-0\"  class=\"panel-grid-cell\" ><div id=\"panel-53-0-0-0\" class=\"so-panel widget widget_sow-image panel-first-child panel-last-child\" data-index=\"0\" ><div\n\t\t\t\n\t\t\tclass=\"so-widget-sow-image so-widget-sow-image-default-d6014b76747a-53\"\n\t\t\t\n\t\t>\n\n<div class=\"sow-image-container\">\n\t\t<img src=\"https:\/\/www.ecomusee-rural.com\/wp-content\/uploads\/2015\/12\/MoulinNeuf_000-268x300.jpg\" width=\"268\" height=\"300\" srcset=\"https:\/\/www.ecomusee-rural.com\/wp-content\/uploads\/2015\/12\/MoulinNeuf_000-268x300.jpg 268w, https:\/\/www.ecomusee-rural.com\/wp-content\/uploads\/2015\/12\/MoulinNeuf_000-768x861.jpg 768w, https:\/\/www.ecomusee-rural.com\/wp-content\/uploads\/2015\/12\/MoulinNeuf_000-913x1024.jpg 913w, https:\/\/www.ecomusee-rural.com\/wp-content\/uploads\/2015\/12\/MoulinNeuf_000.jpg 1427w\" sizes=\"(max-width: 268px) 100vw, 268px\" alt=\"\" loading=\"lazy\" \t\tclass=\"so-widget-image\"\/>\n\t<\/div>\n\n<\/div><\/div><\/div><div id=\"pgc-53-0-1\"  class=\"panel-grid-cell\" ><div id=\"panel-53-0-1-0\" class=\"so-panel widget widget_sow-editor panel-first-child panel-last-child\" data-index=\"1\" ><div\n\t\t\t\n\t\t\tclass=\"so-widget-sow-editor so-widget-sow-editor-base\"\n\t\t\t\n\t\t>\n<div class=\"siteorigin-widget-tinymce textwidget\">\n\t<p>Juste quelques kilom\u00e8tres s\u00e9parent le site de La P\u00e2quelais du site du Moulin Neuf situ\u00e9 sur la route du bourg de Vigneux-de-Bretagne vers le Temple-de-Bretagne.<\/p>\n<p>Le site comprenant un moulin et une minoterie artisanale, vous permettra de plonger \u00e0 l\u2019\u00e9poque des meuniers et de comprendre l\u2019\u00e9laboration de la farine.<\/p>\n<p>A travers une visite revivez le parcours d\u2019un grain de bl\u00e9 noir jusqu\u2019\u00e0 la confection de galettes.<\/p>\n<p>Vous d\u00e9couvrirez un site charg\u00e9 de 3 si\u00e8cles d\u2019histoire de la meunerie avec le moulin construit en 1702 et totalement\u00a0 restaur\u00e9 en 2005 par des passionn\u00e9s.<\/p>\n<\/div>\n<\/div><\/div><\/div><\/div><div id=\"pg-53-1\"  class=\"panel-grid panel-no-style\" ><div id=\"pgc-53-1-0\"  class=\"panel-grid-cell\" ><div id=\"panel-53-1-0-0\" class=\"so-panel widget widget_sow-editor panel-first-child panel-last-child\" data-index=\"2\" ><div\n\t\t\t\n\t\t\tclass=\"so-widget-sow-editor so-widget-sow-editor-base\"\n\t\t\t\n\t\t>\n<div class=\"siteorigin-widget-tinymce textwidget\">\n\t<div class=\"su-custom-gallery su-custom-gallery-title-never su-lightbox-gallery\"><div class=\"su-custom-gallery-slide\"><a href=\"https:\/\/www.ecomusee-rural.com\/wp-content\/uploads\/2015\/12\/MoulinNeuf_011.jpg\" title=\"MoulinNeuf_011\"><img src=\"https:\/\/www.ecomusee-rural.com\/wp-content\/uploads\/2015\/12\/MoulinNeuf_011-90x90.jpg\" alt=\"MoulinNeuf_011\" width=\"90\" height=\"90\" \/><span class=\"su-custom-gallery-title\">MoulinNeuf_011<\/span><\/a><\/div><div class=\"su-custom-gallery-slide\"><a href=\"https:\/\/www.ecomusee-rural.com\/wp-content\/uploads\/2015\/12\/MoulinNeuf_010.jpg\" title=\"MoulinNeuf_010\"><img src=\"https:\/\/www.ecomusee-rural.com\/wp-content\/uploads\/2015\/12\/MoulinNeuf_010-90x90.jpg\" alt=\"MoulinNeuf_010\" width=\"90\" height=\"90\" \/><span class=\"su-custom-gallery-title\">MoulinNeuf_010<\/span><\/a><\/div><div class=\"su-custom-gallery-slide\"><a href=\"https:\/\/www.ecomusee-rural.com\/wp-content\/uploads\/2015\/12\/MoulinNeuf_009.jpg\" title=\"MoulinNeuf_009\"><img src=\"https:\/\/www.ecomusee-rural.com\/wp-content\/uploads\/2015\/12\/MoulinNeuf_009-90x90.jpg\" alt=\"MoulinNeuf_009\" width=\"90\" height=\"90\" \/><span class=\"su-custom-gallery-title\">MoulinNeuf_009<\/span><\/a><\/div><div class=\"su-custom-gallery-slide\"><a href=\"https:\/\/www.ecomusee-rural.com\/wp-content\/uploads\/2015\/12\/MoulinNeuf_008.jpg\" title=\"MoulinNeuf_008\"><img src=\"https:\/\/www.ecomusee-rural.com\/wp-content\/uploads\/2015\/12\/MoulinNeuf_008-90x90.jpg\" alt=\"MoulinNeuf_008\" width=\"90\" height=\"90\" \/><span class=\"su-custom-gallery-title\">MoulinNeuf_008<\/span><\/a><\/div><div class=\"su-custom-gallery-slide\"><a href=\"https:\/\/www.ecomusee-rural.com\/wp-content\/uploads\/2015\/12\/MoulinNeuf_007.jpg\" title=\"MoulinNeuf_007\"><img src=\"https:\/\/www.ecomusee-rural.com\/wp-content\/uploads\/2015\/12\/MoulinNeuf_007-90x90.jpg\" alt=\"MoulinNeuf_007\" width=\"90\" height=\"90\" \/><span class=\"su-custom-gallery-title\">MoulinNeuf_007<\/span><\/a><\/div><div class=\"su-custom-gallery-slide\"><a href=\"https:\/\/www.ecomusee-rural.com\/wp-content\/uploads\/2015\/12\/MoulinNeuf_006.jpg\" title=\"MoulinNeuf_006\"><img src=\"https:\/\/www.ecomusee-rural.com\/wp-content\/uploads\/2015\/12\/MoulinNeuf_006-90x90.jpg\" alt=\"MoulinNeuf_006\" width=\"90\" height=\"90\" \/><span class=\"su-custom-gallery-title\">MoulinNeuf_006<\/span><\/a><\/div><div class=\"su-custom-gallery-slide\"><a href=\"https:\/\/www.ecomusee-rural.com\/wp-content\/uploads\/2015\/12\/MoulinNeuf_005.jpg\" title=\"MoulinNeuf_005\"><img src=\"https:\/\/www.ecomusee-rural.com\/wp-content\/uploads\/2015\/12\/MoulinNeuf_005-90x90.jpg\" alt=\"MoulinNeuf_005\" width=\"90\" height=\"90\" \/><span class=\"su-custom-gallery-title\">MoulinNeuf_005<\/span><\/a><\/div><div class=\"su-custom-gallery-slide\"><a href=\"https:\/\/www.ecomusee-rural.com\/wp-content\/uploads\/2015\/12\/MoulinNeuf_004.jpg\" title=\"MoulinNeuf_004\"><img src=\"https:\/\/www.ecomusee-rural.com\/wp-content\/uploads\/2015\/12\/MoulinNeuf_004-90x90.jpg\" alt=\"MoulinNeuf_004\" width=\"90\" height=\"90\" \/><span class=\"su-custom-gallery-title\">MoulinNeuf_004<\/span><\/a><\/div><div class=\"su-custom-gallery-slide\"><a href=\"https:\/\/www.ecomusee-rural.com\/wp-content\/uploads\/2015\/12\/MoulinNeuf_003.jpg\" title=\"MoulinNeuf_003\"><img src=\"https:\/\/www.ecomusee-rural.com\/wp-content\/uploads\/2015\/12\/MoulinNeuf_003-90x90.jpg\" alt=\"MoulinNeuf_003\" width=\"90\" height=\"90\" \/><span class=\"su-custom-gallery-title\">MoulinNeuf_003<\/span><\/a><\/div><div class=\"su-custom-gallery-slide\"><a href=\"https:\/\/www.ecomusee-rural.com\/wp-content\/uploads\/2015\/12\/MoulinNeuf_002.jpg\" title=\"MoulinNeuf_002\"><img src=\"https:\/\/www.ecomusee-rural.com\/wp-content\/uploads\/2015\/12\/MoulinNeuf_002-90x90.jpg\" alt=\"MoulinNeuf_002\" width=\"90\" height=\"90\" \/><span class=\"su-custom-gallery-title\">MoulinNeuf_002<\/span><\/a><\/div><div class=\"su-custom-gallery-slide\"><a href=\"https:\/\/www.ecomusee-rural.com\/wp-content\/uploads\/2015\/12\/MoulinNeuf_001.jpg\" title=\"MoulinNeuf_001\"><img src=\"https:\/\/www.ecomusee-rural.com\/wp-content\/uploads\/2015\/12\/MoulinNeuf_001-90x90.jpg\" alt=\"MoulinNeuf_001\" width=\"90\" height=\"90\" \/><span class=\"su-custom-gallery-title\">MoulinNeuf_001<\/span><\/a><\/div><div class=\"su-clear\"><\/div><\/div>\n<\/div>\n<\/div><\/div><\/div><\/div><\/div>","protected":false},"excerpt":{"rendered":"<p>Juste quelques kilom\u00e8tres s\u00e9parent le site de La P\u00e2quelais du site du Moulin Neuf situ\u00e9 sur la route du bourg de Vigneux-de-Bretagne vers le Temple-de-Bretagne.<\/p>\n","protected":false},"author":1,"featured_media":156,"parent":135,"menu_order":1,"comment_status":"closed","ping_status":"closed","template":"","meta":[],"acf":[],"_links":{"self":[{"href":"https:\/\/www.ecomusee-rural.com\/index.php?rest_route=\/wp\/v2\/pages\/53"}],"collection":[{"href":"https:\/\/www.ecomusee-rural.com\/index.php?rest_route=\/wp\/v2\/pages"}],"about":[{"href":"https:\/\/www.ecomusee-rural.com\/index.php?rest_route=\/wp\/v2\/types\/page"}],"author":[{"embeddable":true,"href":"https:\/\/www.ecomusee-rural.com\/index.php?rest_route=\/wp\/v2\/users\/1"}],"replies":[{"embeddable":true,"href":"https:\/\/www.ecomusee-rural.com\/index.php?rest_route=%2Fwp%2Fv2%2Fcomments&post=53"}],"version-history":[{"count":5,"href":"https:\/\/www.ecomusee-rural.com\/index.php?rest_route=\/wp\/v2\/pages\/53\/revisions"}],"predecessor-version":[{"id":159,"href":"https:\/\/www.ecomusee-rural.com\/index.php?rest_route=\/wp\/v2\/pages\/53\/revisions\/159"}],"up":[{"embeddable":true,"href":"https:\/\/www.ecomusee-rural.com\/index.php?rest_route=\/wp\/v2\/pages\/135"}],"wp:featuredmedia":[{"embeddable":true,"href":"https:\/\/www.ecomusee-rural.com\/index.php?rest_route=\/wp\/v2\/media\/156"}],"wp:attachment":[{"href":"https:\/\/www.ecomusee-rural.com\/index.php?rest_route=%2Fwp%2Fv2%2Fmedia&parent=53"}],"curies":[{"name":"wp","href":"https:\/\/api.w.org\/{rel}","templated":true}]}}