{"id":66,"date":"2015-12-09T21:20:03","date_gmt":"2015-12-09T20:20:03","guid":{"rendered":"http:\/\/ecomusee.hebergratuit.net\/?page_id=66"},"modified":"2015-12-09T21:34:55","modified_gmt":"2015-12-09T20:34:55","slug":"historique-de-lecomusee","status":"publish","type":"page","link":"https:\/\/www.ecomusee-rural.com\/?page_id=66","title":{"rendered":"Historique de l&rsquo;Ecomus\u00e9e"},"content":{"rendered":"<p>L\u2019Ecomus\u00e9e Rural est un mus\u00e9e associatif cr\u00e9\u00e9 en 1990 \u00e0 l\u2019initiative de Pierre Jochaud et d\u2019Yves Gillardeau, aujourd\u2019hui d\u00e9c\u00e9d\u00e9s, accompagn\u00e9s de plusieurs habitants de Vigneux \u2013 la P\u00e2quelais. L\u2019id\u00e9e \u00e9tait de conserver du mat\u00e9riel agricole local comme t\u00e9moin du pass\u00e9 de la r\u00e9gion nantaise.<br \/>\nLe site de la P\u00e2quelais pr\u00e9sente toutes les \u00e9volutions de la vie du monde rural depuis plus de 150 ans : le quotidien, l\u2019\u00e9cole, le mariage, le travail dans les champs mais aussi chez les artisans \u00e0 travers les outils, les objets expos\u00e9s dans leur contexte, dans un village reconstitu\u00e9 au fil des ans par les b\u00e9n\u00e9voles.<\/p>\n<p>Dans la perspective de pr\u00e9server le petit patrimoine, l\u2019\u00e9comus\u00e9e a depuis 2001 la gestion du site du Moulin-Neuf et de sa minoterie. Ce site s\u2019attache \u00e0 retracer l\u2019histoire g\u00e9n\u00e9rale de la meunerie. La visite permet de d\u00e9couvrir un ancien moulin \u00e0 vent datant de 1702, partiellement reconstruit par les b\u00e9n\u00e9voles ainsi qu\u2019une ancienne minoterie du XX\u00e8me si\u00e8cle, encore en activit\u00e9 jusqu\u2019en 1995. Accessible \u00e0 la visite depuis 2005, les enfants pourront ainsi appr\u00e9hender les divers proc\u00e9d\u00e9s de fabrication de la farine et l\u2019\u00e9volution des techniques meuni\u00e8res.<\/p>\n<p>L\u2019\u00e9comus\u00e9e a pour objectifs principaux :<\/p>\n<ul style=\"list-style-type: disc;\">\n<li>D\u2019exposer tous les outils, objets du monde rural, agricole et artisanal de la r\u00e9gion.<\/li>\n<li>D\u2019organiser des expositions et des animations se rattachant \u00e0 l\u2019agriculture, l\u2019artisanat et au pass\u00e9 rural de la r\u00e9gion.<\/li>\n<li>De transmettre aux plus jeunes l\u2019h\u00e9ritage de leurs a\u00een\u00e9s.<\/li>\n<\/ul>\n","protected":false},"excerpt":{"rendered":"<p>L\u2019Ecomus\u00e9e Rural est un mus\u00e9e associatif cr\u00e9\u00e9 en 1990 \u00e0 l\u2019initiative de Pierre Jochaud et d\u2019Yves Gillardeau, aujourd\u2019hui d\u00e9c\u00e9d\u00e9s, accompagn\u00e9s de plusieurs habitants de Vigneux \u2013 la P\u00e2quelais. L\u2019id\u00e9e \u00e9tait de conserver du mat\u00e9riel agricole local comme t\u00e9moin du pass\u00e9<\/p>\n","protected":false},"author":1,"featured_media":0,"parent":20,"menu_order":0,"comment_status":"closed","ping_status":"closed","template":"","meta":[],"acf":[],"_links":{"self":[{"href":"https:\/\/www.ecomusee-rural.com\/index.php?rest_route=\/wp\/v2\/pages\/66"}],"collection":[{"href":"https:\/\/www.ecomusee-rural.com\/index.php?rest_route=\/wp\/v2\/pages"}],"about":[{"href":"https:\/\/www.ecomusee-rural.com\/index.php?rest_route=\/wp\/v2\/types\/page"}],"author":[{"embeddable":true,"href":"https:\/\/www.ecomusee-rural.com\/index.php?rest_route=\/wp\/v2\/users\/1"}],"replies":[{"embeddable":true,"href":"https:\/\/www.ecomusee-rural.com\/index.php?rest_route=%2Fwp%2Fv2%2Fcomments&post=66"}],"version-history":[{"count":1,"href":"https:\/\/www.ecomusee-rural.com\/index.php?rest_route=\/wp\/v2\/pages\/66\/revisions"}],"predecessor-version":[{"id":67,"href":"https:\/\/www.ecomusee-rural.com\/index.php?rest_route=\/wp\/v2\/pages\/66\/revisions\/67"}],"up":[{"embeddable":true,"href":"https:\/\/www.ecomusee-rural.com\/index.php?rest_route=\/wp\/v2\/pages\/20"}],"wp:attachment":[{"href":"https:\/\/www.ecomusee-rural.com\/index.php?rest_route=%2Fwp%2Fv2%2Fmedia&parent=66"}],"curies":[{"name":"wp","href":"https:\/\/api.w.org\/{rel}","templated":true}]}}