{"id":68,"date":"2015-12-09T21:28:24","date_gmt":"2015-12-09T20:28:24","guid":{"rendered":"http:\/\/ecomusee.hebergratuit.net\/?page_id=68"},"modified":"2015-12-10T14:28:14","modified_gmt":"2015-12-10T13:28:14","slug":"lequipe","status":"publish","type":"page","link":"https:\/\/www.ecomusee-rural.com\/?page_id=68","title":{"rendered":"L&rsquo;Equipe"},"content":{"rendered":"<p><strong>L\u2019\u00e9quipe dirigeante<\/strong><\/p>\n<p><strong style=\"line-height: 1.5;\"><em>Paul ROBERT<\/em><\/strong><em style=\"line-height: 1.5;\">, pr\u00e9sident<\/em><\/p>\n<p><strong><em>Jean BURINI<\/em><\/strong><em>, vice-pr\u00e9sident <\/em><\/p>\n<p><strong><em>Andr\u00e9 BEZIER, <\/em><\/strong><em>tr\u00e9sorier-adjoint <\/em><\/p>\n<p><strong><em>Bernard AUDIC<\/em><\/strong>, <em>tr\u00e9sorier <\/em><\/p>\n<p><strong><em>Mireille ALBERT<\/em><\/strong>, <em>secr\u00e9taire <\/em><\/p>\n<p>L\u2019Ecomus\u00e9e Rural r\u00e9unit une cinquantaine d\u2019adh\u00e9rents. Ces b\u00e9n\u00e9voles, dirig\u00e9s par une \u00e9quipe de passionn\u00e9s, savent se mobiliser lors des grandes manifestations o\u00f9, pour l\u2019occasion, ils sont rejoints par autant de sympathisants.<\/p>\n<p>Une demi-journ\u00e9e par semaine, beaucoup d\u2019entre eux se retrouvent pour restaurer, entretenir les collections mais aussi pour am\u00e9nager et am\u00e9liorer le site.<\/p>\n<div class=\"su-custom-gallery su-custom-gallery-title-never su-lightbox-gallery\"><div class=\"su-custom-gallery-slide\"><a href=\"https:\/\/www.ecomusee-rural.com\/wp-content\/uploads\/2015\/12\/Equipe4.jpg\" title=\"Equipe4\"><img src=\"https:\/\/www.ecomusee-rural.com\/wp-content\/uploads\/2015\/12\/Equipe4-90x90.jpg\" alt=\"Equipe4\" width=\"90\" height=\"90\" \/><span class=\"su-custom-gallery-title\">Equipe4<\/span><\/a><\/div><div class=\"su-custom-gallery-slide\"><a href=\"https:\/\/www.ecomusee-rural.com\/wp-content\/uploads\/2015\/12\/Equipe3.jpg\" title=\"Equipe3\"><img src=\"https:\/\/www.ecomusee-rural.com\/wp-content\/uploads\/2015\/12\/Equipe3-90x90.jpg\" alt=\"Equipe3\" width=\"90\" height=\"90\" \/><span class=\"su-custom-gallery-title\">Equipe3<\/span><\/a><\/div><div class=\"su-custom-gallery-slide\"><a href=\"https:\/\/www.ecomusee-rural.com\/wp-content\/uploads\/2015\/12\/Equipe2.jpg\" title=\"Equipe2\"><img src=\"https:\/\/www.ecomusee-rural.com\/wp-content\/uploads\/2015\/12\/Equipe2-90x90.jpg\" alt=\"Equipe2\" width=\"90\" height=\"90\" \/><span class=\"su-custom-gallery-title\">Equipe2<\/span><\/a><\/div><div class=\"su-custom-gallery-slide\"><a href=\"https:\/\/www.ecomusee-rural.com\/wp-content\/uploads\/2015\/12\/Equipe1.jpg\" title=\"Equipe1\"><img src=\"https:\/\/www.ecomusee-rural.com\/wp-content\/uploads\/2015\/12\/Equipe1-90x90.jpg\" alt=\"Equipe1\" width=\"90\" height=\"90\" \/><span class=\"su-custom-gallery-title\">Equipe1<\/span><\/a><\/div><div class=\"su-clear\"><\/div><\/div>\n","protected":false},"excerpt":{"rendered":"<p>L\u2019\u00e9quipe dirigeante Paul ROBERT, pr\u00e9sident Jean BURINI, vice-pr\u00e9sident Andr\u00e9 BEZIER, tr\u00e9sorier-adjoint Bernard AUDIC, tr\u00e9sorier Mireille ALBERT, secr\u00e9taire L\u2019Ecomus\u00e9e Rural r\u00e9unit une cinquantaine d\u2019adh\u00e9rents. Ces b\u00e9n\u00e9voles, dirig\u00e9s par une \u00e9quipe de passionn\u00e9s, savent se mobiliser lors des grandes manifestations o\u00f9, pour<\/p>\n","protected":false},"author":1,"featured_media":0,"parent":20,"menu_order":1,"comment_status":"closed","ping_status":"closed","template":"","meta":[],"acf":[],"_links":{"self":[{"href":"https:\/\/www.ecomusee-rural.com\/index.php?rest_route=\/wp\/v2\/pages\/68"}],"collection":[{"href":"https:\/\/www.ecomusee-rural.com\/index.php?rest_route=\/wp\/v2\/pages"}],"about":[{"href":"https:\/\/www.ecomusee-rural.com\/index.php?rest_route=\/wp\/v2\/types\/page"}],"author":[{"embeddable":true,"href":"https:\/\/www.ecomusee-rural.com\/index.php?rest_route=\/wp\/v2\/users\/1"}],"replies":[{"embeddable":true,"href":"https:\/\/www.ecomusee-rural.com\/index.php?rest_route=%2Fwp%2Fv2%2Fcomments&post=68"}],"version-history":[{"count":4,"href":"https:\/\/www.ecomusee-rural.com\/index.php?rest_route=\/wp\/v2\/pages\/68\/revisions"}],"predecessor-version":[{"id":80,"href":"https:\/\/www.ecomusee-rural.com\/index.php?rest_route=\/wp\/v2\/pages\/68\/revisions\/80"}],"up":[{"embeddable":true,"href":"https:\/\/www.ecomusee-rural.com\/index.php?rest_route=\/wp\/v2\/pages\/20"}],"wp:attachment":[{"href":"https:\/\/www.ecomusee-rural.com\/index.php?rest_route=%2Fwp%2Fv2%2Fmedia&parent=68"}],"curies":[{"name":"wp","href":"https:\/\/api.w.org\/{rel}","templated":true}]}}